{"id":79,"date":"2024-09-25T12:30:47","date_gmt":"2024-09-25T12:30:47","guid":{"rendered":"https:\/\/robinhlarsen.no\/?page_id=79"},"modified":"2026-01-07T07:22:00","modified_gmt":"2026-01-07T07:22:00","slug":"cv","status":"publish","type":"page","link":"https:\/\/robinhlarsen.no\/index.php\/cv\/","title":{"rendered":"CV"},"content":{"rendered":"\n<div class=\"wp-block-columns is-layout-flex wp-container-core-columns-is-layout-28f84493 wp-block-columns-is-layout-flex\">\n<div class=\"wp-block-column is-layout-flow wp-block-column-is-layout-flow\">\n<h2 class=\"wp-block-heading\">Utdannelse<\/h2>\n\n\n\n<ul class=\"wp-block-list\">\n<li>Vg3, Medier og kommunikasjon (MK), Melsom Videreg\u00e5ende Skole, 2014-2015<\/li>\n\n\n\n<li>Vg2, Medier og kommunikasjon (foto), Melsom Videreg\u00e5ende Skole, 2013-2014<\/li>\n\n\n\n<li>Vg1, Medier og kommunikasjon (film), Melsom Videreg\u00e5ende Skole, 2012-2013<\/li>\n\n\n\n<li>Fullf\u00f8rt 10 \u00e5rs obligatorisk grunnskole<br><br><\/li>\n<\/ul>\n<\/div>\n<\/div>\n\n\n\n<figure class=\"wp-block-table is-style-stripes\"><table class=\"has-fixed-layout\"><tbody><tr><td class=\"has-text-align-center\" data-align=\"center\"><strong>H\u00f8yde<\/strong><\/td><td class=\"has-text-align-center\" data-align=\"center\"><strong>H\u00e5rfarge<\/strong><\/td><td class=\"has-text-align-center\" data-align=\"center\"><strong>\u00d8yenfarge<\/strong><\/td><td class=\"has-text-align-center\" data-align=\"center\"><strong>Sang range<\/strong><\/td><\/tr><tr><td class=\"has-text-align-center\" data-align=\"center\">183 cm<\/td><td class=\"has-text-align-center\" data-align=\"center\">Brun<\/td><td class=\"has-text-align-center\" data-align=\"center\">Bl\u00e5<\/td><td class=\"has-text-align-center\" data-align=\"center\">Tenor<\/td><\/tr><\/tbody><\/table><\/figure>\n\n\n\n<div class=\"wp-block-group alignfull has-accent-background-color has-background has-global-padding is-layout-constrained wp-container-core-group-is-layout-669513ed wp-block-group-is-layout-constrained\" style=\"margin-top:0;margin-bottom:0;padding-top:var(--wp--preset--spacing--50);padding-right:var(--wp--preset--spacing--50);padding-bottom:var(--wp--preset--spacing--50);padding-left:var(--wp--preset--spacing--50)\">\n<div class=\"wp-block-columns alignwide is-layout-flex wp-container-core-columns-is-layout-1da03c2a wp-block-columns-is-layout-flex\">\n<div class=\"wp-block-column is-vertically-aligned-stretch is-layout-flow wp-block-column-is-layout-flow\" style=\"flex-basis:100%\">\n<h2 class=\"wp-block-heading\">Scene<\/h2>\n\n\n\n<figure class=\"wp-block-table is-style-regular\"><table class=\"has-fixed-layout\"><tbody><tr><td><strong>\u00c5R<\/strong><\/td><td><strong>STYKKE<\/strong><\/td><td><strong>ROLLE<\/strong><\/td><td><strong>PRODUSENT\/REGI<\/strong><\/td><\/tr><tr><td>2025<\/td><td><strong>Tornerose p\u00e5 20 minutter<\/strong><\/td><td>Prins Philip<br>Kvitrebekk<\/td><td>Bygdeteateret<br>Ingeborg Eng\u00f8<\/td><\/tr><tr><td>2024<\/td><td><strong>Musikalen Havet<\/strong><br>(Nypremiere)<\/td><td>Andebu<\/td><td>Tonga Produksjoner<br>Johan Osuldsen<\/td><\/tr><tr><td>2023<\/td><td><strong>Musikalen Havet<\/strong><\/td><td>Andebu<\/td><td>Tonga Produksjoner<br>Johan Osuldsen<\/td><\/tr><tr><td>2023<\/td><td><strong>Sandefjordsrevyen<\/strong><\/td><td>Flere roller<\/td><td>Tonga Produksjoner<br>Espen Rolstad<\/td><\/tr><tr><td>2022<\/td><td><strong>Juleshow p\u00e5 Pir4 <\/strong><br><strong>&amp; Kaf\u00e9 K<\/strong><\/td><td>Flere roller<\/td><td>Tonga Produksjoner<br>Andr\u00e9 Klausen<\/td><\/tr><tr><td>2022<\/td><td><strong>Sandefjordsrevyen<\/strong><\/td><td>Flere roller<\/td><td>Tonga Produksjoner<br>Karina Aase<\/td><\/tr><tr><td>2021<\/td><td><strong>Svartnissen<\/strong><br><strong>Nissene P\u00e5 Tynn Is<\/strong><br>(Nypremiere)<\/td><td>Svartnissen<br>Postmannen<br>Tante Gerd<\/td><td>Svartnissen Sandefjord<br>Karina Aase<\/td><\/tr><tr><td>2021<\/td><td><strong>Sandefjordsrevyen<\/strong><\/td><td>Flere roller<\/td><td>Tonga Produksjoner<br>Espen Rolstad<\/td><\/tr><tr><td>2020<\/td><td><strong>Svartnissen<br>Nissene P\u00e5 Tynn Is<\/strong><\/td><td>Svartnissen<br>Postmannen<br>Tante Gerd<\/td><td>Svartnissen Sandefjord<br>Karina Aase<\/td><\/tr><tr><td>2019<\/td><td><strong>Svartnissen <br>N\u00e5r N\u00f8ttene Blir Vrange<\/strong><\/td><td>Svartnissen<br>Postmannen<br>Reinsdyret Rudolf<\/td><td>Svartnissen Sandefjord<br>Madeleine B. Herholdt<br>Frode Gjerl\u00f8w<\/td><\/tr><tr><td>2019<\/td><td><strong>O\u00b4helga Note<\/strong><\/td><td>Flere roller<\/td><td>De Jovviale<br>\u00d8yvind Angeltveit<\/td><\/tr><tr><td>2019<\/td><td><strong>Hvalsommer 15<\/strong><br><strong>&laquo;God p\u00e5 b\u00e5nn&raquo;<\/strong><\/td><td>Flere roller<\/td><td>Fon Teltet<br>\u00d8yvind Angeltveit<\/td><\/tr><tr><td>2018<\/td><td><strong>No Tennas Tusen Julelys<\/strong><\/td><td>Flere roller<\/td><td>De Jovviale<br>\u00d8yvind Angeltveit<\/td><\/tr><tr><td>2017<\/td><td><strong>De Tre Vise, Men&#8230;<\/strong><\/td><td>Flere roller<\/td><td>De Jovviale<br>Andr\u00e9 Klausen<\/td><\/tr><tr><td>2016<\/td><td><strong>Et Jovvialt Juleshow<\/strong><\/td><td>Flere roller<\/td><td>De Jovviale<br>Dagrun Anholt<\/td><\/tr><tr><td>2016 &#8211; d.d.<\/td><td><strong>Karius og Baktus<\/strong><\/td><td>Forteller<br>Jens<\/td><td>Fon Teltet\/Nama\/Tonga Produksjoner<br>Dorina Marie Iversen<\/td><\/tr><tr><td>2012<\/td><td><strong>Sj\u00f8r\u00f8verprinsessa Og Kapteinens Skjulte Skatt<\/strong><\/td><td>Hertugen<\/td><td>LaGo<br>Lars Berge<\/td><\/tr><\/tbody><\/table><\/figure>\n<\/div>\n<\/div>\n<\/div>\n\n\n\n<div class=\"wp-block-group alignfull has-accent-5-background-color has-background is-vertical is-layout-flex wp-container-core-group-is-layout-2770af1a wp-block-group-is-layout-flex\" style=\"margin-top:0;margin-bottom:0;padding-top:var(--wp--preset--spacing--50);padding-right:var(--wp--preset--spacing--50);padding-bottom:var(--wp--preset--spacing--50);padding-left:var(--wp--preset--spacing--50)\">\n<h2 class=\"wp-block-heading\">Forfatterskap<\/h2>\n\n\n\n<figure class=\"wp-block-table is-style-regular\"><table class=\"has-fixed-layout\"><tbody><tr><td><strong>TITTEL<\/strong><\/td><td><strong>HVA<\/strong><\/td><td><strong>UTGIVELSE\/FREMF\u00d8RING<\/strong><\/td><\/tr><tr><td><strong>Julian Juling og nissegutten som forsvant<\/strong><\/td><td>Musikal<\/td><td>2025<\/td><\/tr><\/tbody><\/table><\/figure>\n<\/div>\n\n\n\n<div class=\"wp-block-group alignfull has-base-background-color has-background is-vertical is-layout-flex wp-container-core-group-is-layout-2964369c wp-block-group-is-layout-flex\" style=\"margin-top:0;margin-bottom:0;padding-top:var(--wp--preset--spacing--50);padding-right:var(--wp--preset--spacing--50);padding-bottom:var(--wp--preset--spacing--50);padding-left:var(--wp--preset--spacing--50)\">\n<h2 class=\"wp-block-heading\">Film og TV<\/h2>\n\n\n\n<figure class=\"wp-block-table\"><table class=\"has-fixed-layout\"><tbody><tr><td><strong>\u00c5R<\/strong><\/td><td><strong>HVA<\/strong><\/td><td><strong>ROLLE<\/strong><\/td><td><strong>ARBEIDSGIVER<\/strong><\/td><\/tr><tr><td>2025<\/td><td><strong>Vervekampanje NDLA<\/strong><\/td><td>L\u00e6rer<\/td><td>Metro Branding<\/td><\/tr><tr><td>2024<\/td><td><strong>Reklamekampanje Varmefag<\/strong><\/td><td>Mann i ektepar<\/td><td>Varmefag<\/td><\/tr><tr><td>2023<\/td><td><strong>Reklamekampanje Strex<\/strong><\/td><td>Strex-mannen<\/td><td>Clockwork AS<\/td><\/tr><tr><td>2022<\/td><td><strong>Kj\u00e6re Landsmenn<\/strong><\/td><td>Flykaptein Larsen<\/td><td>Plan B\/TV2<\/td><\/tr><tr><td>2019<\/td><td><strong>Kommune Kari infofilmer<\/strong><\/td><td>Kommune Kari<\/td><td>Sandefjord Kommune<\/td><\/tr><tr><td>2017<\/td><td><strong>Det Kunne V\u00e6rt Verre<\/strong><\/td><td>Kevin<\/td><td>Seefood TV\/TV Norge<\/td><\/tr><tr><td>2017<\/td><td><strong>Reklamekampanje Glava<\/strong><\/td><td>ByggFAQ-mannen<\/td><td>Metro Branding<\/td><\/tr><tr><td>2016<\/td><td><strong>Reklame Andebu Sparebank<\/strong><\/td><td>Gutt som tar lappen<\/td><td>Andebu Sparebank<br>Studio Vestnes<\/td><\/tr><tr><td>2015<\/td><td><strong>Butikken<\/strong><\/td><td>Flere roller<\/td><td>Nordic Screens\/NRK<\/td><\/tr><\/tbody><\/table><\/figure>\n<\/div>\n\n\n\n<div class=\"wp-block-group alignfull has-accent-5-background-color has-background is-vertical is-layout-flex wp-container-core-group-is-layout-8528be0d wp-block-group-is-layout-flex\" style=\"margin-top:0;margin-bottom:0;padding-top:var(--wp--preset--spacing--50);padding-right:var(--wp--preset--spacing--50);padding-bottom:var(--wp--preset--spacing--50);padding-left:var(--wp--preset--spacing--50)\">\n<h2 class=\"wp-block-heading\">Regi\/instrukt\u00f8r<\/h2>\n\n\n\n<figure class=\"wp-block-table is-style-regular\"><table class=\"has-fixed-layout\"><tbody><tr><td><strong>\u00c5R<\/strong><\/td><td><strong>HVA<\/strong><\/td><td><strong>ARBEIDSGIVER<\/strong><\/td><\/tr><tr><td>2022-2023<\/td><td><strong>Regi Engler og Hormoner<\/strong><\/td><td>VARSKO Varden<\/td><\/tr><tr><td>2022<\/td><td><strong>Regi musikalen Jungelboken<\/strong><\/td><td>Larvik barne- og ungdomsteater<\/td><\/tr><tr><td>2017<\/td><td><b>Teaterinstrukt\u00f8<\/b><strong>r<\/strong><\/td><td>Sandefjord Teaterforening<\/td><\/tr><tr><td>2017<\/td><td><strong>Teaterinstrukt\u00f8r<\/strong><\/td><td>Larvik Kommune<\/td><\/tr><tr><td>2015-2017<\/td><td><strong>Teaterinstrukt\u00f8r<\/strong><\/td><td>Frilynt Norge<\/td><\/tr><tr><td>2014<\/td><td><strong>Teaterinstrukt\u00f8r<\/strong><\/td><td>Bug\u00e5rden Ungdomsskole<\/td><\/tr><tr><td>2013-2014<\/td><td><strong>Regi musikalen Peter Pan<\/strong><\/td><td>Kodal Ungdomslag<\/td><\/tr><\/tbody><\/table><\/figure>\n<\/div>\n","protected":false},"excerpt":{"rendered":"<p>Utdannelse H\u00f8yde H\u00e5rfarge \u00d8yenfarge Sang range 183 cm Brun Bl\u00e5 Tenor Scene \u00c5R STYKKE ROLLE PRODUSENT\/REGI 2025 Tornerose p\u00e5 20 minutter Prins PhilipKvitrebekk BygdeteateretIngeborg Eng\u00f8 2024 Musikalen Havet(Nypremiere) Andebu Tonga ProduksjonerJohan Osuldsen 2023 Musikalen Havet Andebu Tonga ProduksjonerJohan Osuldsen 2023 Sandefjordsrevyen Flere roller Tonga ProduksjonerEspen Rolstad 2022 Juleshow p\u00e5 Pir4 &amp; Kaf\u00e9 K Flere roller [&hellip;]<\/p>\n","protected":false},"author":1,"featured_media":0,"parent":0,"menu_order":0,"comment_status":"closed","ping_status":"closed","template":"","meta":{"footnotes":""},"class_list":["post-79","page","type-page","status-publish","hentry"],"_links":{"self":[{"href":"https:\/\/robinhlarsen.no\/index.php\/wp-json\/wp\/v2\/pages\/79","targetHints":{"allow":["GET"]}}],"collection":[{"href":"https:\/\/robinhlarsen.no\/index.php\/wp-json\/wp\/v2\/pages"}],"about":[{"href":"https:\/\/robinhlarsen.no\/index.php\/wp-json\/wp\/v2\/types\/page"}],"author":[{"embeddable":true,"href":"https:\/\/robinhlarsen.no\/index.php\/wp-json\/wp\/v2\/users\/1"}],"replies":[{"embeddable":true,"href":"https:\/\/robinhlarsen.no\/index.php\/wp-json\/wp\/v2\/comments?post=79"}],"version-history":[{"count":22,"href":"https:\/\/robinhlarsen.no\/index.php\/wp-json\/wp\/v2\/pages\/79\/revisions"}],"predecessor-version":[{"id":272,"href":"https:\/\/robinhlarsen.no\/index.php\/wp-json\/wp\/v2\/pages\/79\/revisions\/272"}],"wp:attachment":[{"href":"https:\/\/robinhlarsen.no\/index.php\/wp-json\/wp\/v2\/media?parent=79"}],"curies":[{"name":"wp","href":"https:\/\/api.w.org\/{rel}","templated":true}]}}