{"id":57,"date":"2024-09-06T11:38:36","date_gmt":"2024-09-06T11:38:36","guid":{"rendered":"https:\/\/robinhlarsen.no\/?page_id=57"},"modified":"2026-01-07T07:15:23","modified_gmt":"2026-01-07T07:15:23","slug":"om-robin","status":"publish","type":"page","link":"https:\/\/robinhlarsen.no\/index.php\/om-robin\/","title":{"rendered":"Om Robin"},"content":{"rendered":"\n<div class=\"wp-block-group alignfull has-accent-background-color has-background has-global-padding is-layout-constrained wp-container-core-group-is-layout-669513ed wp-block-group-is-layout-constrained\" style=\"margin-top:0;margin-bottom:0;padding-top:var(--wp--preset--spacing--50);padding-right:var(--wp--preset--spacing--50);padding-bottom:var(--wp--preset--spacing--50);padding-left:var(--wp--preset--spacing--50)\">\n<div class=\"wp-block-columns alignwide is-layout-flex wp-container-core-columns-is-layout-1da03c2a wp-block-columns-is-layout-flex\">\n<div class=\"wp-block-column is-vertically-aligned-stretch is-layout-flow wp-block-column-is-layout-flow\" style=\"flex-basis:50%\">\n<div class=\"wp-block-group is-vertical is-content-justification-stretch is-layout-flex wp-container-core-group-is-layout-444d5ee8 wp-block-group-is-layout-flex\" style=\"min-height:100%\">\n<p class=\"has-heading-font-family has-x-large-font-size\" style=\"line-height:1.2\"><strong>Robin Horsgaard Larsen<\/strong> er f\u00f8dt 8. mars 1996, og kommer fra Andebu i Vestfold.<\/p>\n\n\n\n<div style=\"height:11px\" aria-hidden=\"true\" class=\"wp-block-spacer wp-container-content-2fc37c9d\"><\/div>\n\n\n\n<div class=\"wp-block-columns is-layout-flex wp-container-core-columns-is-layout-28f84493 wp-block-columns-is-layout-flex\">\n<div class=\"wp-block-column is-layout-flow wp-block-column-is-layout-flow\">\n<p>Han utviklet tidlig sin interesse for teater, og har dermed bred erfaring fra b\u00e5de revy- og teaterscenen. Han regisserte musikalen \u00ab<strong>Peter Pan<\/strong>\u00bb for Kodal Amat\u00f8rteater allerede som 17-\u00e5ring, og har medvirket i humorserien \u00ab<strong>Humorlab<\/strong>\u00bb for NRK, \u00ab<strong>Det kunne v\u00e6rt verre<\/strong>\u00bb for TV-Norge og \u00ab<strong>Kj\u00e6re Landsmenn<\/strong>\u00bb for TV2, og i flere teateroppsetninger. Blant annet musikalene \u00ab<strong>Robin Hood<\/strong>\u00bb, \u00ab<strong>Annie<\/strong>\u00bb og \u00ab<strong>Oliver!<\/strong>\u00bb. Han tredde inn i rollen som <em>Kaptein Krok<\/em> i musikalen \u00ab<strong>Peter Pan<\/strong>\u00bb, <em>Lord Farquaad<\/em> i norgespremieren av \u00ab<strong>Shrek The Musical<\/strong>\u00bb og <em>Fugleskremselet<\/em> i musikalversjonen av Trollmannen Fra Oz &#8211; \u00ab<strong>The Wiz<\/strong>\u00bb for Sandefjord Teaterforening. <\/p>\n\n\n\n<p>Han var med p\u00e5 \u00e5 starte \u00ab<strong>Svartnissen<\/strong>\u00bb i Sandefjord. I juleforestillingen gestaltet Robin tittelrollen, <em>Svartnissen<\/em>.<br>Larsen medvirket ogs\u00e5 som hvalfangeren <em>Andebu<\/em> i urpremieren, og nypremieren av musikalen &laquo;<strong>Havet<\/strong>&laquo;, som h\u00f8stet str\u00e5lende kritikker, og terningkast fem fra Mona Levin i Aftenposten.<\/p>\n<\/div>\n\n\n\n<div class=\"wp-block-column is-layout-flow wp-block-column-is-layout-flow\">\n<p>Han har ogs\u00e5 v\u00e6rt \u00e5 se i sommerrevyene \u00ab<strong>Hvalsommer<\/strong>\u00bb og \u00ab<strong>Sandefjordsrevyen<\/strong>\u00bb i Sandefjord, og i \u00ab<strong>Karius og Baktus<\/strong>\u00bb p\u00e5 turn\u00e9 over store deler av landet. <\/p>\n\n\n\n<p>Han har ogs\u00e5 skrevet manus og melodiene til den helt nye julemusikalen &laquo;<strong>Julian Juling og nissegutten som forsvant<\/strong>&laquo;, som hadde urpremiere p\u00e5 Harmonie Arena i Sandefjord, 15. november 2025.<\/p>\n\n\n\n<p>I 2026 var han \u00e9n av tre nominerte til <strong>Sandefjord Kommunes kulturpris<\/strong> for 2025, under den prestisjetunge prisutdelingen <strong>SPEIL<\/strong>.<\/p>\n\n\n\n<p>Robin jobber til daglig som frilans skuespiller, teaterinstrukt\u00f8r og tekstforfatter, i tillegg til \u00e5 v\u00e6re ansatt som Teaterr\u00e5dgiver i Frilynt Norge.<br><\/p>\n<\/div>\n<\/div>\n<\/div>\n<\/div>\n\n\n\n<div class=\"wp-block-column is-vertically-aligned-center is-layout-flow wp-block-column-is-layout-flow\" style=\"flex-basis:50%\">\n<div class=\"wp-block-columns is-layout-flex wp-container-core-columns-is-layout-28f84493 wp-block-columns-is-layout-flex\">\n<div class=\"wp-block-column is-layout-flow wp-block-column-is-layout-flow\" style=\"flex-basis:100%\">\n<figure class=\"wp-block-image alignright size-large is-style-rounded is-style-rounded--1\"><img fetchpriority=\"high\" decoding=\"async\" width=\"683\" height=\"1024\" src=\"https:\/\/robinhlarsen.no\/wp-content\/uploads\/2025\/09\/IMG_8106-copy-683x1024.jpg\" alt=\"\" class=\"wp-image-230\" srcset=\"https:\/\/robinhlarsen.no\/wp-content\/uploads\/2025\/09\/IMG_8106-copy-683x1024.jpg 683w, https:\/\/robinhlarsen.no\/wp-content\/uploads\/2025\/09\/IMG_8106-copy-200x300.jpg 200w, https:\/\/robinhlarsen.no\/wp-content\/uploads\/2025\/09\/IMG_8106-copy-768x1152.jpg 768w, https:\/\/robinhlarsen.no\/wp-content\/uploads\/2025\/09\/IMG_8106-copy-1024x1536.jpg 1024w, https:\/\/robinhlarsen.no\/wp-content\/uploads\/2025\/09\/IMG_8106-copy-1365x2048.jpg 1365w, https:\/\/robinhlarsen.no\/wp-content\/uploads\/2025\/09\/IMG_8106-copy-scaled.jpg 1706w\" sizes=\"(max-width: 683px) 100vw, 683px\" \/><figcaption class=\"wp-element-caption\">Foto: Ida Igesund<\/figcaption><\/figure>\n<\/div>\n<\/div>\n<\/div>\n<\/div>\n<\/div>\n\n\n\n<div style=\"height:3px\" aria-hidden=\"true\" class=\"wp-block-spacer\"><\/div>\n","protected":false},"excerpt":{"rendered":"<p>Robin Horsgaard Larsen er f\u00f8dt 8. mars 1996, og kommer fra Andebu i Vestfold. Han utviklet tidlig sin interesse for teater, og har dermed bred erfaring fra b\u00e5de revy- og teaterscenen. Han regisserte musikalen \u00abPeter Pan\u00bb for Kodal Amat\u00f8rteater allerede som 17-\u00e5ring, og har medvirket i humorserien \u00abHumorlab\u00bb for NRK, \u00abDet kunne v\u00e6rt verre\u00bb for [&hellip;]<\/p>\n","protected":false},"author":1,"featured_media":0,"parent":0,"menu_order":0,"comment_status":"closed","ping_status":"closed","template":"","meta":{"footnotes":""},"class_list":["post-57","page","type-page","status-publish","hentry"],"_links":{"self":[{"href":"https:\/\/robinhlarsen.no\/index.php\/wp-json\/wp\/v2\/pages\/57","targetHints":{"allow":["GET"]}}],"collection":[{"href":"https:\/\/robinhlarsen.no\/index.php\/wp-json\/wp\/v2\/pages"}],"about":[{"href":"https:\/\/robinhlarsen.no\/index.php\/wp-json\/wp\/v2\/types\/page"}],"author":[{"embeddable":true,"href":"https:\/\/robinhlarsen.no\/index.php\/wp-json\/wp\/v2\/users\/1"}],"replies":[{"embeddable":true,"href":"https:\/\/robinhlarsen.no\/index.php\/wp-json\/wp\/v2\/comments?post=57"}],"version-history":[{"count":18,"href":"https:\/\/robinhlarsen.no\/index.php\/wp-json\/wp\/v2\/pages\/57\/revisions"}],"predecessor-version":[{"id":269,"href":"https:\/\/robinhlarsen.no\/index.php\/wp-json\/wp\/v2\/pages\/57\/revisions\/269"}],"wp:attachment":[{"href":"https:\/\/robinhlarsen.no\/index.php\/wp-json\/wp\/v2\/media?parent=57"}],"curies":[{"name":"wp","href":"https:\/\/api.w.org\/{rel}","templated":true}]}}